{"id":2076,"date":"2023-11-28T10:43:46","date_gmt":"2023-11-28T10:43:46","guid":{"rendered":"https:\/\/unitydemo.estatetool.dk.linux81.curanetserver.dk\/?page_id=2076"},"modified":"2025-10-24T12:27:52","modified_gmt":"2025-10-24T12:27:52","slug":"co-living-2","status":"publish","type":"page","link":"https:\/\/unity-kista.com\/studentbostader\/en\/co-living-2\/","title":{"rendered":"Co-living en"},"content":{"rendered":"<h1>UNITY Kista <br \/>Co-living<\/h1>\n<p>\t\tDiscounted rent<br \/>\nfor the first 6 months<br \/>\n<a style=\"background-color: #2b2b2b; padding: 4px 12px; border-radius: 99px; font-weight: 100; font-size: 0.65em; color: white;\" href=\"https:\/\/unity-kista.com\/studentbostader\/en\/request-now-coliving\/\">Request now<\/a>Discounted rent<br \/>\nfor the first 6 months<br \/>\n<a style=\"background-color: #2b2b2b; padding: 4px 12px; border-radius: 99px; font-weight: 100; font-size: 0.65em; color: white;\" href=\"https:\/\/unity-kista.com\/studentbostader\/en\/request-now-coliving\/\">Request now<\/a><\/p>\n<p>Share a co-living accommodation\u00a0with your friends\u00a0<\/p>\n<p>\t\t\t\t\t\t\t\t\t\t\t\t\t\t\t<img decoding=\"async\" src=\"https:\/\/unity-kista.com\/studentbostader\/wp-content\/uploads\/2023\/06\/kista-dot.png\" title=\"\" alt=\"\" loading=\"lazy\" \/>\t\t\t\t\t\t\t\t\t\t\t\t\t\t\t<\/p>\n<h2>Live with other students in a<br \/> co-living accommodation<\/h2>\n<p>UNITY Kista has co-living accommodations\u00a0that can be shared between several students.\u00a0<\/p>\n<p>In a co-living unit in UNITY Kista you get your own studio with a private bathroom, and open the door to a common kitchen, dining area and living room that you share with your new roommates.<\/p>\n<figure><img decoding=\"async\" src=\"https:\/\/unity-kista.com\/studentbostader\/wp-content\/uploads\/2023\/11\/co-living-4.jpg\" alt=\"Floor apartment\" \/><\/figure>\n<figure><img decoding=\"async\" src=\"https:\/\/unity-kista.com\/studentbostader\/wp-content\/uploads\/2023\/11\/Bo-Tillsammans800.jpg\" alt=\"Young studen studying with friends\" \/><\/figure>\n<figure><img decoding=\"async\" src=\"https:\/\/unity-kista.com\/studentbostader\/wp-content\/uploads\/2023\/11\/Bo-Tillsammans700.jpg\" alt=\"Friends dancing on top of mountain\" \/><\/figure>\n<p>\t\t\t\t\t\t<svg aria-hidden=\"true\" viewBox=\"0 0 1000 1000\" xmlns=\"http:\/\/www.w3.org\/2000\/svg\"><path d=\"M646 125C629 125 613 133 604 142L308 442C296 454 292 471 292 487 292 504 296 521 308 533L604 854C617 867 629 875 646 875 663 875 679 871 692 858 704 846 713 829 713 812 713 796 708 779 692 767L438 487 692 225C700 217 708 204 708 187 708 171 704 154 692 142 675 129 663 125 646 125Z\"><\/path><\/svg><br \/>\n\t\t\t\t\t\t<svg aria-hidden=\"true\" viewBox=\"0 0 1000 1000\" xmlns=\"http:\/\/www.w3.org\/2000\/svg\"><path d=\"M696 533C708 521 713 504 713 487 713 471 708 454 696 446L400 146C388 133 375 125 354 125 338 125 325 129 313 142 300 154 292 171 292 187 292 204 296 221 308 233L563 492 304 771C292 783 288 800 288 817 288 833 296 850 308 863 321 871 338 875 354 875 371 875 388 867 400 854L696 533Z\"><\/path><\/svg>\t\t\t\t\t<\/p>\n<h2>Have you heard about co-living?<br \/>\n<\/h2>\n<p>Co-living is a new and modern form of housing that has the advantage of several people sharing the rent.<\/p>\n<p>You have the convenience of a large\u00a0accommodation\u00a0with a kitchen and living room, but you can also retreat and enjoy the privacy of your own studio. At the same time, you have the toilet and bathroom all to yourself, as each studio has its own spacious bathroom.<\/p>\n<p><strong>At UNITY Kista, the co-living accommodations<\/strong><strong>\u00a0are already furnished, so all you and your new roommates need to focus on is personalizing your new home and making it a great place to live!<\/strong><\/p>\n<p>\t\t\t\t\t<a id=\"personalshowing_4section\" href=\"https:\/\/estatetool.findapartmentkista.unity-living.com\/en\/isometry\/South\"><br \/>\n\t\t\t\t\t\t\t\t\t\tSee available co-living studios<br \/>\n\t\t\t\t\t\t\t<\/a><\/p>\n<h2>A modern co-housing community<\/h2>\n<p>Living in a co-living\u00a0accommodation\u00a0is an easy way to get to know other people. You can cook together in the kitchen, have movie nights on the couch and study together around the dining table. <br \/>You will always be surrounded by roommates to chat with and you&#8217;ll share the expenses of the accommodation.<\/p>\n<p>Community is at the heart of co-living, so as a new student in a new city, you can benefit greatly from the close-knit neighborhood of the co-living concept.<\/p>\n<p><strong>As a student, a co-living accommodation<\/strong><strong>\u00a0is a flexible and affordable option &#8211; Are you ready to meet your new roomies?<\/strong><\/p>\n<figure><img decoding=\"async\" src=\"https:\/\/unity-kista.com\/studentbostader\/wp-content\/uploads\/2023\/11\/Bo-Tillsammans2100.jpg\" alt=\"Couple hugging\" \/><\/figure>\n<p>\t\t\t\t\t\t\t<svg aria-hidden=\"true\" viewBox=\"0 0 1000 1000\" xmlns=\"http:\/\/www.w3.org\/2000\/svg\"><path d=\"M646 125C629 125 613 133 604 142L308 442C296 454 292 471 292 487 292 504 296 521 308 533L604 854C617 867 629 875 646 875 663 875 679 871 692 858 704 846 713 829 713 812 713 796 708 779 692 767L438 487 692 225C700 217 708 204 708 187 708 171 704 154 692 142 675 129 663 125 646 125Z\"><\/path><\/svg>\t\t\t\t\t\t\tPrevious<br \/>\n\t\t\t\t\t\t\t<svg aria-hidden=\"true\" viewBox=\"0 0 1000 1000\" xmlns=\"http:\/\/www.w3.org\/2000\/svg\"><path d=\"M696 533C708 521 713 504 713 487 713 471 708 454 696 446L400 146C388 133 375 125 354 125 338 125 325 129 313 142 300 154 292 171 292 187 292 204 296 221 308 233L563 492 304 771C292 783 288 800 288 817 288 833 296 850 308 863 321 871 338 875 354 875 371 875 388 867 400 854L696 533Z\"><\/path><\/svg>\t\t\t\t\t\t\tNext<\/p>\n<ul>\n<li>\n\t\t\t\t\t\t\t\t\t\t\t<a href=\"https:\/\/www.instagram.com\/unitykista\/\" target=\"_blank\" rel=\"noopener\"><br \/>\n\t\t\t\t\t\t\t\t\t\t\tF\u00f8lg os @<u>unitykista<\/u><br \/>\n\t\t\t\t\t\t\t\t\t\t\t<\/a>\n\t\t\t\t\t\t\t\t\t<\/li>\n<\/ul>\n","protected":false},"excerpt":{"rendered":"<p>UNITY Kista Co-living Discounted rent for the first 6 months Request nowDiscounted rent for the first 6 months Request now Share a co-living accommodation\u00a0with your friends\u00a0 Live with other students in a co-living accommodation UNITY Kista has co-living accommodations\u00a0that can be shared between several students.\u00a0 In a co-living unit in UNITY Kista you get your [&hellip;]<\/p>\n","protected":false},"author":7,"featured_media":1349,"parent":0,"menu_order":0,"comment_status":"closed","ping_status":"closed","template":"","meta":{"footnotes":""},"class_list":["post-2076","page","type-page","status-publish","has-post-thumbnail","hentry"],"yoast_head":"<!-- This site is optimized with the Yoast SEO plugin v24.8.1 - https:\/\/yoast.com\/wordpress\/plugins\/seo\/ -->\n<title>Co-living en | Nya m\u00f6blerade hyresl\u00e4genheter n\u00e4ra Stockholm<\/title>\n<meta name=\"description\" content=\"I Unity Kista kan du g\u00e5 direkt in i en rolig och lekfull v\u00e4rld som \u00e4r redo att utforskas och som \u00e4r som gjord f\u00f6r att ge din kreativitet m\u00f6jlighet att utvecklas. Du tar med dig din unika personlighet och tillsammans f\u00e5r vi omr\u00e5det att blomma\" \/>\n<meta name=\"robots\" content=\"index, follow, max-snippet:-1, max-image-preview:large, max-video-preview:-1\" \/>\n<link rel=\"canonical\" href=\"https:\/\/unity-kista.com\/studentbostader\/en\/co-living-2\/\" \/>\n<meta property=\"og:locale\" content=\"en_US\" \/>\n<meta property=\"og:type\" content=\"article\" \/>\n<meta property=\"og:title\" content=\"Co-living en | Nya m\u00f6blerade hyresl\u00e4genheter n\u00e4ra Stockholm\" \/>\n<meta property=\"og:description\" content=\"I Unity Kista kan du g\u00e5 direkt in i en rolig och lekfull v\u00e4rld som \u00e4r redo att utforskas och som \u00e4r som gjord f\u00f6r att ge din kreativitet m\u00f6jlighet att utvecklas. Du tar med dig din unika personlighet och tillsammans f\u00e5r vi omr\u00e5det att blomma\" \/>\n<meta property=\"og:url\" content=\"https:\/\/unity-kista.com\/studentbostader\/en\/co-living-2\/\" \/>\n<meta property=\"og:site_name\" content=\"UNITY Kista\" \/>\n<meta property=\"article:modified_time\" content=\"2025-10-24T12:27:52+00:00\" \/>\n<meta property=\"og:image\" content=\"https:\/\/unity-kista.com\/studentbostader\/wp-content\/uploads\/2023\/08\/community-in-kista-campus.jpg\" \/>\n\t<meta property=\"og:image:width\" content=\"1080\" \/>\n\t<meta property=\"og:image:height\" content=\"1080\" \/>\n\t<meta property=\"og:image:type\" content=\"image\/jpeg\" \/>\n<meta name=\"twitter:card\" content=\"summary_large_image\" \/>\n<meta name=\"twitter:label1\" content=\"Est. reading time\" \/>\n\t<meta name=\"twitter:data1\" content=\"3 minutes\" \/>\n<script type=\"application\/ld+json\" class=\"yoast-schema-graph\">{\"@context\":\"https:\/\/schema.org\",\"@graph\":[{\"@type\":\"WebPage\",\"@id\":\"https:\/\/unity-kista.com\/studentbostader\/en\/co-living-2\/\",\"url\":\"https:\/\/unity-kista.com\/studentbostader\/en\/co-living-2\/\",\"name\":\"Co-living en | Nya m\u00f6blerade hyresl\u00e4genheter n\u00e4ra Stockholm\",\"isPartOf\":{\"@id\":\"https:\/\/unity-kista.com\/studentbostader\/#website\"},\"primaryImageOfPage\":{\"@id\":\"https:\/\/unity-kista.com\/studentbostader\/en\/co-living-2\/#primaryimage\"},\"image\":{\"@id\":\"https:\/\/unity-kista.com\/studentbostader\/en\/co-living-2\/#primaryimage\"},\"thumbnailUrl\":\"https:\/\/unity-kista.com\/studentbostader\/wp-content\/uploads\/2023\/08\/community-in-kista-campus.jpg\",\"datePublished\":\"2023-11-28T10:43:46+00:00\",\"dateModified\":\"2025-10-24T12:27:52+00:00\",\"description\":\"I Unity Kista kan du g\u00e5 direkt in i en rolig och lekfull v\u00e4rld som \u00e4r redo att utforskas och som \u00e4r som gjord f\u00f6r att ge din kreativitet m\u00f6jlighet att utvecklas. Du tar med dig din unika personlighet och tillsammans f\u00e5r vi omr\u00e5det att blomma\",\"breadcrumb\":{\"@id\":\"https:\/\/unity-kista.com\/studentbostader\/en\/co-living-2\/#breadcrumb\"},\"inLanguage\":\"en-US\",\"potentialAction\":[{\"@type\":\"ReadAction\",\"target\":[\"https:\/\/unity-kista.com\/studentbostader\/en\/co-living-2\/\"]}]},{\"@type\":\"ImageObject\",\"inLanguage\":\"en-US\",\"@id\":\"https:\/\/unity-kista.com\/studentbostader\/en\/co-living-2\/#primaryimage\",\"url\":\"https:\/\/unity-kista.com\/studentbostader\/wp-content\/uploads\/2023\/08\/community-in-kista-campus.jpg\",\"contentUrl\":\"https:\/\/unity-kista.com\/studentbostader\/wp-content\/uploads\/2023\/08\/community-in-kista-campus.jpg\",\"width\":1080,\"height\":1080,\"caption\":\"Friends studying\"},{\"@type\":\"BreadcrumbList\",\"@id\":\"https:\/\/unity-kista.com\/studentbostader\/en\/co-living-2\/#breadcrumb\",\"itemListElement\":[{\"@type\":\"ListItem\",\"position\":1,\"name\":\"Home\",\"item\":\"https:\/\/unity-kista.com\/studentbostader\/\"},{\"@type\":\"ListItem\",\"position\":2,\"name\":\"Co-living en\"}]},{\"@type\":\"WebSite\",\"@id\":\"https:\/\/unity-kista.com\/studentbostader\/#website\",\"url\":\"https:\/\/unity-kista.com\/studentbostader\/\",\"name\":\"UNITY Kista\",\"description\":\"\",\"publisher\":{\"@id\":\"https:\/\/unity-kista.com\/studentbostader\/#organization\"},\"potentialAction\":[{\"@type\":\"SearchAction\",\"target\":{\"@type\":\"EntryPoint\",\"urlTemplate\":\"https:\/\/unity-kista.com\/studentbostader\/?s={search_term_string}\"},\"query-input\":{\"@type\":\"PropertyValueSpecification\",\"valueRequired\":true,\"valueName\":\"search_term_string\"}}],\"inLanguage\":\"en-US\"},{\"@type\":\"Organization\",\"@id\":\"https:\/\/unity-kista.com\/studentbostader\/#organization\",\"name\":\"UNITY Kista\",\"url\":\"https:\/\/unity-kista.com\/studentbostader\/\",\"logo\":{\"@type\":\"ImageObject\",\"inLanguage\":\"en-US\",\"@id\":\"https:\/\/unity-kista.com\/studentbostader\/#\/schema\/logo\/image\/\",\"url\":\"https:\/\/unity-kista.com\/studentbostader\/wp-content\/uploads\/2023\/11\/logounity.svg\",\"contentUrl\":\"https:\/\/unity-kista.com\/studentbostader\/wp-content\/uploads\/2023\/11\/logounity.svg\",\"width\":1462,\"height\":275,\"caption\":\"UNITY Kista\"},\"image\":{\"@id\":\"https:\/\/unity-kista.com\/studentbostader\/#\/schema\/logo\/image\/\"}}]}<\/script>\n<!-- \/ Yoast SEO plugin. -->","yoast_head_json":{"title":"Co-living en | Nya m\u00f6blerade hyresl\u00e4genheter n\u00e4ra Stockholm","description":"I Unity Kista kan du g\u00e5 direkt in i en rolig och lekfull v\u00e4rld som \u00e4r redo att utforskas och som \u00e4r som gjord f\u00f6r att ge din kreativitet m\u00f6jlighet att utvecklas. Du tar med dig din unika personlighet och tillsammans f\u00e5r vi omr\u00e5det att blomma","robots":{"index":"index","follow":"follow","max-snippet":"max-snippet:-1","max-image-preview":"max-image-preview:large","max-video-preview":"max-video-preview:-1"},"canonical":"https:\/\/unity-kista.com\/studentbostader\/en\/co-living-2\/","og_locale":"en_US","og_type":"article","og_title":"Co-living en | Nya m\u00f6blerade hyresl\u00e4genheter n\u00e4ra Stockholm","og_description":"I Unity Kista kan du g\u00e5 direkt in i en rolig och lekfull v\u00e4rld som \u00e4r redo att utforskas och som \u00e4r som gjord f\u00f6r att ge din kreativitet m\u00f6jlighet att utvecklas. Du tar med dig din unika personlighet och tillsammans f\u00e5r vi omr\u00e5det att blomma","og_url":"https:\/\/unity-kista.com\/studentbostader\/en\/co-living-2\/","og_site_name":"UNITY Kista","article_modified_time":"2025-10-24T12:27:52+00:00","og_image":[{"width":1080,"height":1080,"url":"https:\/\/unity-kista.com\/studentbostader\/wp-content\/uploads\/2023\/08\/community-in-kista-campus.jpg","type":"image\/jpeg"}],"twitter_card":"summary_large_image","twitter_misc":{"Est. reading time":"3 minutes"},"schema":{"@context":"https:\/\/schema.org","@graph":[{"@type":"WebPage","@id":"https:\/\/unity-kista.com\/studentbostader\/en\/co-living-2\/","url":"https:\/\/unity-kista.com\/studentbostader\/en\/co-living-2\/","name":"Co-living en | Nya m\u00f6blerade hyresl\u00e4genheter n\u00e4ra Stockholm","isPartOf":{"@id":"https:\/\/unity-kista.com\/studentbostader\/#website"},"primaryImageOfPage":{"@id":"https:\/\/unity-kista.com\/studentbostader\/en\/co-living-2\/#primaryimage"},"image":{"@id":"https:\/\/unity-kista.com\/studentbostader\/en\/co-living-2\/#primaryimage"},"thumbnailUrl":"https:\/\/unity-kista.com\/studentbostader\/wp-content\/uploads\/2023\/08\/community-in-kista-campus.jpg","datePublished":"2023-11-28T10:43:46+00:00","dateModified":"2025-10-24T12:27:52+00:00","description":"I Unity Kista kan du g\u00e5 direkt in i en rolig och lekfull v\u00e4rld som \u00e4r redo att utforskas och som \u00e4r som gjord f\u00f6r att ge din kreativitet m\u00f6jlighet att utvecklas. Du tar med dig din unika personlighet och tillsammans f\u00e5r vi omr\u00e5det att blomma","breadcrumb":{"@id":"https:\/\/unity-kista.com\/studentbostader\/en\/co-living-2\/#breadcrumb"},"inLanguage":"en-US","potentialAction":[{"@type":"ReadAction","target":["https:\/\/unity-kista.com\/studentbostader\/en\/co-living-2\/"]}]},{"@type":"ImageObject","inLanguage":"en-US","@id":"https:\/\/unity-kista.com\/studentbostader\/en\/co-living-2\/#primaryimage","url":"https:\/\/unity-kista.com\/studentbostader\/wp-content\/uploads\/2023\/08\/community-in-kista-campus.jpg","contentUrl":"https:\/\/unity-kista.com\/studentbostader\/wp-content\/uploads\/2023\/08\/community-in-kista-campus.jpg","width":1080,"height":1080,"caption":"Friends studying"},{"@type":"BreadcrumbList","@id":"https:\/\/unity-kista.com\/studentbostader\/en\/co-living-2\/#breadcrumb","itemListElement":[{"@type":"ListItem","position":1,"name":"Home","item":"https:\/\/unity-kista.com\/studentbostader\/"},{"@type":"ListItem","position":2,"name":"Co-living en"}]},{"@type":"WebSite","@id":"https:\/\/unity-kista.com\/studentbostader\/#website","url":"https:\/\/unity-kista.com\/studentbostader\/","name":"UNITY Kista","description":"","publisher":{"@id":"https:\/\/unity-kista.com\/studentbostader\/#organization"},"potentialAction":[{"@type":"SearchAction","target":{"@type":"EntryPoint","urlTemplate":"https:\/\/unity-kista.com\/studentbostader\/?s={search_term_string}"},"query-input":{"@type":"PropertyValueSpecification","valueRequired":true,"valueName":"search_term_string"}}],"inLanguage":"en-US"},{"@type":"Organization","@id":"https:\/\/unity-kista.com\/studentbostader\/#organization","name":"UNITY Kista","url":"https:\/\/unity-kista.com\/studentbostader\/","logo":{"@type":"ImageObject","inLanguage":"en-US","@id":"https:\/\/unity-kista.com\/studentbostader\/#\/schema\/logo\/image\/","url":"https:\/\/unity-kista.com\/studentbostader\/wp-content\/uploads\/2023\/11\/logounity.svg","contentUrl":"https:\/\/unity-kista.com\/studentbostader\/wp-content\/uploads\/2023\/11\/logounity.svg","width":1462,"height":275,"caption":"UNITY Kista"},"image":{"@id":"https:\/\/unity-kista.com\/studentbostader\/#\/schema\/logo\/image\/"}}]}},"_links":{"self":[{"href":"https:\/\/unity-kista.com\/studentbostader\/wp-json\/wp\/v2\/pages\/2076","targetHints":{"allow":["GET"]}}],"collection":[{"href":"https:\/\/unity-kista.com\/studentbostader\/wp-json\/wp\/v2\/pages"}],"about":[{"href":"https:\/\/unity-kista.com\/studentbostader\/wp-json\/wp\/v2\/types\/page"}],"author":[{"embeddable":true,"href":"https:\/\/unity-kista.com\/studentbostader\/wp-json\/wp\/v2\/users\/7"}],"replies":[{"embeddable":true,"href":"https:\/\/unity-kista.com\/studentbostader\/wp-json\/wp\/v2\/comments?post=2076"}],"version-history":[{"count":83,"href":"https:\/\/unity-kista.com\/studentbostader\/wp-json\/wp\/v2\/pages\/2076\/revisions"}],"predecessor-version":[{"id":3139,"href":"https:\/\/unity-kista.com\/studentbostader\/wp-json\/wp\/v2\/pages\/2076\/revisions\/3139"}],"wp:featuredmedia":[{"embeddable":true,"href":"https:\/\/unity-kista.com\/studentbostader\/wp-json\/wp\/v2\/media\/1349"}],"wp:attachment":[{"href":"https:\/\/unity-kista.com\/studentbostader\/wp-json\/wp\/v2\/media?parent=2076"}],"curies":[{"name":"wp","href":"https:\/\/api.w.org\/{rel}","templated":true}]}}